{"id":1738,"date":"2020-11-24T05:33:58","date_gmt":"2020-11-24T04:33:58","guid":{"rendered":"http:\/\/aquaversum.ch\/?post_type=product&#038;p=1738"},"modified":"2022-08-19T11:34:35","modified_gmt":"2022-08-19T10:34:35","slug":"vrs-jumbo","status":"publish","type":"product","link":"http:\/\/aquaversum.ch\/en\/product\/vrs-jumbo\/","title":{"rendered":"VRS &#8211; Jumbo"},"content":{"rendered":"<p>F\u00fcr den Einsatz in Restaurants, Hotels, Kantinen, Spit\u00e4lern, Alters- und Pflegeheimen, Superm\u00e4rkten.<\/p>\n<p><strong>Die VRS &#8211; Jumbo Swiss ist die L\u00f6sung f\u00fcr die Entsorgung von organischem Abfall am Ort der Entstehung.<\/strong><\/p>\n<ul>\n<li>Reduziert das Abfallvolumen von Speise- und R\u00fcstabf\u00e4llen je nach Wassergehalt um bis zu 75%<\/li>\n<li>Die VRS &#8211; Jumbo Swiss ist kompakt, umweltfreundlich und leise<\/li>\n<li>Ist einfach zu bedienen und ben\u00f6tigt ein Minimum an Wartung und Service<\/li>\n<li>Das Endprodukt ist steril und praktisch unbegrenzt lagerf\u00e4hig<\/li>\n<\/ul>\n<p><strong>Das Funktionsprinzip der VRS &#8211; Anlagen<\/strong><\/p>\n<p>Die VRS &#8211; Anlagen sind so konzipiert, dass das Funktionsprinzip f\u00fcr alle Anlagengr\u00f6ssen identisch ist. Dies vereinfacht die Installation, die Bedienung und die Wartung.<\/p>\n<p><strong>Ablauf<\/strong><\/p>\n<p>Die R\u00fcst- und Speisereste werden in einem dicht geschlossenen Trocknungsraum unter st\u00e4ndigem R\u00fchren langsam entw\u00e4ssert und getrocknet. Das speziell konstruierte R\u00fchrwerk zerkleinert gleichzeitig die R\u00fcst- und Speisereste. Die Trockenkammer steht unter einem leichten Unterdruck, was das Entweichen von D\u00e4mpfen und Ger\u00fcchen verunm\u00f6glicht. Der w\u00e4hrend des Prozesses entstehende Dampf wird kondensiert und die Warmluft in den Trocknungsraum zur\u00fcckgef\u00fchrt.<\/p>\n<p><strong>Energieverbrauch<\/strong><\/p>\n<p>Die Trocknungsdauer ist stark abh\u00e4ngig vom Feuchtigkeitsgehalt des Ausgangsmaterials. Der Energieverbrauch liegt bei ungef\u00e4hr 0.7 kWh pro Liter zu verdampfenden Wassers.<\/p>\n<div style=\"width: 640px;\" class=\"wp-video\"><video class=\"wp-video-shortcode\" id=\"video-1738-1\" width=\"640\" height=\"360\" loop autoplay preload=\"metadata\" controls=\"controls\"><source type=\"video\/mp4\" src=\"http:\/\/aquaversum.ch\/wp-content\/uploads\/2020\/11\/Shalandy.mp4?_=1\" \/><a href=\"http:\/\/aquaversum.ch\/wp-content\/uploads\/2020\/11\/Shalandy.mp4\">http:\/\/aquaversum.ch\/wp-content\/uploads\/2020\/11\/Shalandy.mp4<\/a><\/video><\/div>\n","protected":false},"excerpt":{"rendered":"<div class=\"beschreibung clearfix\">\n<table class=\"tbltype-emphheader\">\n<tbody>\n<tr>\n<td><i>Technische Daten<\/i><\/td>\n<td><\/td>\n<\/tr>\n<tr>\n<td><strong>Elektrischer Anschluss<\/strong><\/td>\n<td>AC 400 V, 3 x L, N, PE,<br \/>\n50 Hz, CE 32 A<\/td>\n<\/tr>\n<tr>\n<td><strong>Energieverbrauch<\/strong><\/td>\n<td>~ 0.7 kWh \/ 1 Liter<br \/>\nWasserverdampfung<\/td>\n<\/tr>\n<tr>\n<td><strong>Kapazit\u00e4t<\/strong><\/td>\n<td>250 &#8211; 300 kg \/ Tag<\/p>\n<p>Charge 125 &#8211; 150 kg<\/p>\n<p>in ca. 6 &#8211; 9 Std.<\/td>\n<\/tr>\n<\/tbody>\n<\/table>\n<table class=\"tbltype-emphheader\">\n<tbody>\n<tr>\n<td><i>Dimensionen<\/i><\/td>\n<td><\/td>\n<\/tr>\n<tr>\n<td><strong>Breite<\/strong><\/td>\n<td>970 mm<\/td>\n<\/tr>\n<tr>\n<td><strong>Tiefe<\/strong><\/td>\n<td>1580 mm<\/td>\n<\/tr>\n<tr>\n<td><strong>H\u00f6he<\/strong><\/td>\n<td>1100 mm<\/td>\n<\/tr>\n<tr>\n<td><strong>Gewicht<\/strong><\/td>\n<td>500 kg<\/td>\n<\/tr>\n<\/tbody>\n<\/table>\n<p><a href=\"http:\/\/www.vrs-valuables.com\/resources\/jumbo_de1.pdf\" target=\"_blank\" rel=\"noopener noreferrer\">Datenblatt herunterladen<\/a><\/p>\n<\/div>\n<p><a href=\"\/VRS_ Jumbo_2021.pdf\" target=\"_blank\" rel=\"noopener\">VRS &#8211; Jumbo Bedienungsanleitung 2021<\/a><\/p>\n<p><span class=\"lieferzeit\">Lieferzeit:\u00a0Innerhalb von 2 &#8211; 4 Tagen lieferbar<\/span><\/p>\n<div class=\"price\">Preis auf Anfrage<\/div>\n","protected":false},"featured_media":1740,"comment_status":"closed","ping_status":"closed","template":"","meta":[],"product_cat":[19],"product_tag":[],"class_list":{"0":"post-1738","1":"product","2":"type-product","3":"status-publish","4":"has-post-thumbnail","6":"product_cat-vrs","8":"first","9":"instock","10":"featured","11":"shipping-taxable","12":"product-type-simple"},"translation":{"provider":"WPGlobus","version":"3.0.0","language":"en","enabled_languages":["de","ru","en"],"languages":{"de":{"title":true,"content":true,"excerpt":true},"ru":{"title":false,"content":false,"excerpt":false},"en":{"title":false,"content":false,"excerpt":false}}},"jetpack_sharing_enabled":true,"_links":{"self":[{"href":"http:\/\/aquaversum.ch\/en\/wp-json\/wp\/v2\/product\/1738","targetHints":{"allow":["GET"]}}],"collection":[{"href":"http:\/\/aquaversum.ch\/en\/wp-json\/wp\/v2\/product"}],"about":[{"href":"http:\/\/aquaversum.ch\/en\/wp-json\/wp\/v2\/types\/product"}],"replies":[{"embeddable":true,"href":"http:\/\/aquaversum.ch\/en\/wp-json\/wp\/v2\/comments?post=1738"}],"wp:featuredmedia":[{"embeddable":true,"href":"http:\/\/aquaversum.ch\/en\/wp-json\/wp\/v2\/media\/1740"}],"wp:attachment":[{"href":"http:\/\/aquaversum.ch\/en\/wp-json\/wp\/v2\/media?parent=1738"}],"wp:term":[{"taxonomy":"product_cat","embeddable":true,"href":"http:\/\/aquaversum.ch\/en\/wp-json\/wp\/v2\/product_cat?post=1738"},{"taxonomy":"product_tag","embeddable":true,"href":"http:\/\/aquaversum.ch\/en\/wp-json\/wp\/v2\/product_tag?post=1738"}],"curies":[{"name":"wp","href":"https:\/\/api.w.org\/{rel}","templated":true}]}}