{"id":1857,"date":"2026-03-04T10:59:08","date_gmt":"2026-03-04T09:59:08","guid":{"rendered":"http:\/\/aquaversum.ch\/?post_type=product&#038;p=1857"},"modified":"2026-03-05T02:23:02","modified_gmt":"2026-03-05T01:23:02","slug":"swiss-watersystems-sws-ca","status":"publish","type":"product","link":"http:\/\/aquaversum.ch\/en\/product\/swiss-watersystems-sws-ca\/","title":{"rendered":"SWISS-WATERSYSTEMS SWS CA"},"content":{"rendered":"<h3>F\u00fcr Mobilheime.<\/h3>\n<p>Die L\u00f6sung f\u00fcr Wohnmobile, Wohnwagen und Camper. Wir beraten Sie gerne.<\/p>\n<ul>\n<li class=\"bullet-checkmark\">5 Veredlungstufen<\/li>\n<li class=\"bullet-checkmark\">1 Vorfilter<\/li>\n<li class=\"bullet-checkmark\">600 GPD Membran<\/li>\n<li class=\"bullet-checkmark\">pH Neutralisation<\/li>\n<li class=\"bullet-checkmark\">Strukturierung<\/li>\n<li class=\"bullet-checkmark\">Energetisierung<\/li>\n<li class=\"bullet-checkmark\">Wasserproduktion L\/Min. ca. &gt; 1.0<\/li>\n<\/ul>\n","protected":false},"excerpt":{"rendered":"<p>F\u00fcr Mobilheime. Die L\u00f6sung f\u00fcr Wohnmobile, Wohnwagen und Camper. Wir beraten Sie gerne. 5 Veredlungstufen 1 Vorfilter 600 GPD Membran pH Neutralisation Strukturierung Energetisierung Wasserproduktion L\/Min. ca. &gt; 1.0<\/p>\n","protected":false},"featured_media":1859,"comment_status":"closed","ping_status":"closed","template":"","meta":[],"product_cat":[19],"product_tag":[],"class_list":{"0":"post-1857","1":"product","2":"type-product","3":"status-publish","4":"has-post-thumbnail","6":"product_cat-vrs","8":"first","9":"instock","10":"shipping-taxable","11":"purchasable","12":"product-type-simple"},"translation":{"provider":"WPGlobus","version":"3.0.0","language":"en","enabled_languages":["de","ru","en"],"languages":{"de":{"title":true,"content":true,"excerpt":false},"ru":{"title":false,"content":false,"excerpt":false},"en":{"title":false,"content":false,"excerpt":false}}},"jetpack_sharing_enabled":true,"_links":{"self":[{"href":"http:\/\/aquaversum.ch\/en\/wp-json\/wp\/v2\/product\/1857","targetHints":{"allow":["GET"]}}],"collection":[{"href":"http:\/\/aquaversum.ch\/en\/wp-json\/wp\/v2\/product"}],"about":[{"href":"http:\/\/aquaversum.ch\/en\/wp-json\/wp\/v2\/types\/product"}],"replies":[{"embeddable":true,"href":"http:\/\/aquaversum.ch\/en\/wp-json\/wp\/v2\/comments?post=1857"}],"wp:featuredmedia":[{"embeddable":true,"href":"http:\/\/aquaversum.ch\/en\/wp-json\/wp\/v2\/media\/1859"}],"wp:attachment":[{"href":"http:\/\/aquaversum.ch\/en\/wp-json\/wp\/v2\/media?parent=1857"}],"wp:term":[{"taxonomy":"product_cat","embeddable":true,"href":"http:\/\/aquaversum.ch\/en\/wp-json\/wp\/v2\/product_cat?post=1857"},{"taxonomy":"product_tag","embeddable":true,"href":"http:\/\/aquaversum.ch\/en\/wp-json\/wp\/v2\/product_tag?post=1857"}],"curies":[{"name":"wp","href":"https:\/\/api.w.org\/{rel}","templated":true}]}}