{"id":1860,"date":"2026-03-04T10:59:54","date_gmt":"2026-03-04T09:59:54","guid":{"rendered":"http:\/\/aquaversum.ch\/?post_type=product&#038;p=1860"},"modified":"2026-03-05T02:23:27","modified_gmt":"2026-03-05T01:23:27","slug":"swiss-watersystems-sws-ar24","status":"publish","type":"product","link":"http:\/\/aquaversum.ch\/en\/product\/swiss-watersystems-sws-ar24\/","title":{"rendered":"SWISS-WATERSYSTEMS SWS AR24"},"content":{"rendered":"<h3>Das Standardger\u00e4t.<\/h3>\n<p>Unser Bestseller f\u00fcr t\u00e4glich reines, energetisiertes und restrukturiertes Wasser zum kleinen Preis. Das Ger\u00e4t verf\u00fcgt \u00fcber eine st\u00e4rkere Membrane und zus\u00e4tzlich sorgt eine st\u00e4rkere Pumpe f\u00fcr mehr Wasser in k\u00fcrzerer Zeit. \u00a0Auch als mobiles Ger\u00e4t. So k\u00f6nnen Sie es beispielsweise auch in die Ferienwohnung mitnehmen. Wir beraten Sie gerne.<\/p>\n<ul>\n<li class=\"bullet-checkmark\">8 Veredlungsstufen<\/li>\n<li class=\"bullet-checkmark\">3 Vorfilter<\/li>\n<li class=\"bullet-checkmark\">600 GPD Membram<\/li>\n<li class=\"bullet-checkmark\">pH Neutralisation<\/li>\n<li class=\"bullet-checkmark\">Strukturierung<\/li>\n<li class=\"bullet-checkmark\">Energetisierung<\/li>\n<li class=\"bullet-checkmark\">Wasserproduktion L\/Min. ca. &gt;1.2<\/li>\n<li class=\"bullet-checkmark\">Unsichtbarer Einbau, z.B. in der K\u00fcche<\/li>\n<\/ul>\n","protected":false},"excerpt":{"rendered":"<p>Das Standardger\u00e4t. Unser Bestseller f\u00fcr t\u00e4glich reines, energetisiertes und restrukturiertes Wasser zum kleinen Preis. Das Ger\u00e4t verf\u00fcgt \u00fcber eine st\u00e4rkere Membrane und zus\u00e4tzlich sorgt eine st\u00e4rkere Pumpe f\u00fcr mehr Wasser in k\u00fcrzerer Zeit. \u00a0Auch als mobiles Ger\u00e4t. So k\u00f6nnen Sie es beispielsweise auch in die Ferienwohnung mitnehmen. Wir beraten Sie gerne. 8 Veredlungsstufen 3 Vorfilter [&hellip;]<\/p>\n","protected":false},"featured_media":1859,"comment_status":"closed","ping_status":"closed","template":"","meta":[],"product_cat":[19],"product_tag":[],"class_list":{"0":"post-1860","1":"product","2":"type-product","3":"status-publish","4":"has-post-thumbnail","6":"product_cat-vrs","8":"first","9":"instock","10":"shipping-taxable","11":"purchasable","12":"product-type-simple"},"translation":{"provider":"WPGlobus","version":"3.0.0","language":"en","enabled_languages":["de","ru","en"],"languages":{"de":{"title":true,"content":true,"excerpt":false},"ru":{"title":false,"content":false,"excerpt":false},"en":{"title":false,"content":false,"excerpt":false}}},"jetpack_sharing_enabled":true,"_links":{"self":[{"href":"http:\/\/aquaversum.ch\/en\/wp-json\/wp\/v2\/product\/1860","targetHints":{"allow":["GET"]}}],"collection":[{"href":"http:\/\/aquaversum.ch\/en\/wp-json\/wp\/v2\/product"}],"about":[{"href":"http:\/\/aquaversum.ch\/en\/wp-json\/wp\/v2\/types\/product"}],"replies":[{"embeddable":true,"href":"http:\/\/aquaversum.ch\/en\/wp-json\/wp\/v2\/comments?post=1860"}],"wp:featuredmedia":[{"embeddable":true,"href":"http:\/\/aquaversum.ch\/en\/wp-json\/wp\/v2\/media\/1859"}],"wp:attachment":[{"href":"http:\/\/aquaversum.ch\/en\/wp-json\/wp\/v2\/media?parent=1860"}],"wp:term":[{"taxonomy":"product_cat","embeddable":true,"href":"http:\/\/aquaversum.ch\/en\/wp-json\/wp\/v2\/product_cat?post=1860"},{"taxonomy":"product_tag","embeddable":true,"href":"http:\/\/aquaversum.ch\/en\/wp-json\/wp\/v2\/product_tag?post=1860"}],"curies":[{"name":"wp","href":"https:\/\/api.w.org\/{rel}","templated":true}]}}