{"id":1861,"date":"2026-03-04T11:01:29","date_gmt":"2026-03-04T10:01:29","guid":{"rendered":"http:\/\/aquaversum.ch\/?post_type=product&#038;p=1861"},"modified":"2026-03-05T02:23:49","modified_gmt":"2026-03-05T01:23:49","slug":"swiss-watersystems-sws-gs","status":"publish","type":"product","link":"http:\/\/aquaversum.ch\/en\/product\/swiss-watersystems-sws-gs\/","title":{"rendered":"SWISS-WATERSYSTEMS SWS GS"},"content":{"rendered":"<h3>F\u00fcr h\u00f6chste Anspr\u00fcche.<\/h3>\n<p>Noch bessere Wasserqualit\u00e4t durch unmittelbare Weiterleitung des Wassers von Membranen in Edelstahlkomponenten.<\/p>\n<ul>\n<li class=\"bullet-checkmark\">10 Veredlungsstufen<\/li>\n<li class=\"bullet-checkmark\">3 Vorfilter<\/li>\n<li class=\"bullet-checkmark\">600 GPD Membran<\/li>\n<li class=\"bullet-checkmark\">pH Neutralisation<\/li>\n<li class=\"bullet-checkmark\">Strukturierung<\/li>\n<li class=\"bullet-checkmark\">Energetisierung<\/li>\n<li class=\"bullet-checkmark\">Wasserproduktion L\/Min. ca. 1.2<\/li>\n<li class=\"bullet-checkmark\">Automatische Sp\u00fclung<\/li>\n<li class=\"bullet-checkmark\">UVC Lampe<\/li>\n<li class=\"bullet-checkmark\">Unsichtbarer Einbau, z.B. in der K\u00fcche<\/li>\n<\/ul>\n","protected":false},"excerpt":{"rendered":"<p>F\u00fcr h\u00f6chste Anspr\u00fcche. Noch bessere Wasserqualit\u00e4t durch unmittelbare Weiterleitung des Wassers von Membranen in Edelstahlkomponenten. 10 Veredlungsstufen 3 Vorfilter 600 GPD Membran pH Neutralisation Strukturierung Energetisierung Wasserproduktion L\/Min. ca. 1.2 Automatische Sp\u00fclung UVC Lampe Unsichtbarer Einbau, z.B. in der K\u00fcche<\/p>\n","protected":false},"featured_media":1862,"comment_status":"closed","ping_status":"closed","template":"","meta":[],"product_cat":[19],"product_tag":[],"class_list":{"0":"post-1861","1":"product","2":"type-product","3":"status-publish","4":"has-post-thumbnail","6":"product_cat-vrs","8":"first","9":"instock","10":"shipping-taxable","11":"purchasable","12":"product-type-simple"},"translation":{"provider":"WPGlobus","version":"3.0.0","language":"en","enabled_languages":["de","ru","en"],"languages":{"de":{"title":true,"content":true,"excerpt":false},"ru":{"title":false,"content":false,"excerpt":false},"en":{"title":false,"content":false,"excerpt":false}}},"jetpack_sharing_enabled":true,"_links":{"self":[{"href":"http:\/\/aquaversum.ch\/en\/wp-json\/wp\/v2\/product\/1861","targetHints":{"allow":["GET"]}}],"collection":[{"href":"http:\/\/aquaversum.ch\/en\/wp-json\/wp\/v2\/product"}],"about":[{"href":"http:\/\/aquaversum.ch\/en\/wp-json\/wp\/v2\/types\/product"}],"replies":[{"embeddable":true,"href":"http:\/\/aquaversum.ch\/en\/wp-json\/wp\/v2\/comments?post=1861"}],"wp:featuredmedia":[{"embeddable":true,"href":"http:\/\/aquaversum.ch\/en\/wp-json\/wp\/v2\/media\/1862"}],"wp:attachment":[{"href":"http:\/\/aquaversum.ch\/en\/wp-json\/wp\/v2\/media?parent=1861"}],"wp:term":[{"taxonomy":"product_cat","embeddable":true,"href":"http:\/\/aquaversum.ch\/en\/wp-json\/wp\/v2\/product_cat?post=1861"},{"taxonomy":"product_tag","embeddable":true,"href":"http:\/\/aquaversum.ch\/en\/wp-json\/wp\/v2\/product_tag?post=1861"}],"curies":[{"name":"wp","href":"https:\/\/api.w.org\/{rel}","templated":true}]}}